{"id":18394,"date":"2025-01-21T14:23:35","date_gmt":"2025-01-21T13:23:35","guid":{"rendered":"https:\/\/www.tadano.co.jp\/about\/group\/"},"modified":"2026-04-01T10:31:30","modified_gmt":"2026-04-01T01:31:30","slug":"group","status":"publish","type":"page","link":"https:\/\/www.tadano.co.jp\/en\/about\/group\/","title":{"rendered":"The Tadano Group"},"content":{"rendered":"\n\n\n<section class=\"hero-section\">\n\n\t\n\t\t\t<style type=\"text\/css\">\n\t\t\t.hero-section .img-holder:before {\n\t\t\t\tdisplay: none;\n\t\t\t}\n\t\t<\/style>\n\t\n\t\t\t<style type=\"text\/css\">\n\t\t\t@media (min-width: 1024px) {\n\t\t\t\t.is-corporate-website .header {\n\t\t\t\t\tbackground: transparent;\n\t\t\t\t}\n\t\t\t}\n\t\t<\/style>\n\t\n\t<div class=\"img-holder \">\n\t\t\t\t<div class=\"bg-stretch\" style=\"background-position: 50% 0; \">\n\t\t\t<span data-srcset=\"https:\/\/mediahub.tadano.com\/m\/4d321f7f65016151\/hero-img_tadano_Lauf-3.jpg, https:\/\/mediahub.tadano.com\/m\/4d321f7f65016151\/hero_2x-img_tadano_Lauf-3.jpg 2x\"><\/span>\n\t\t<\/div>\n\t\t\t\t\t\t<div class=\"logo green-solutions\" style=\"display:none;\">\n\t\t\t<a href=\"#\"><img decoding=\"async\" src=\"https:\/\/www.tadano.co.jp\/wp-content\/themes\/tadano\/assets\/dist\/images\/Green-Solutions_Logo_White.svg\"><\/a>\n\t\t<\/div>\n\t<\/div>\n\t<div class=\"container\">\n\t\t<div class=\"text-holder \">\n\t\t\t<div class=\"wrap\">\n\t\t\t\t\n\t\t\t\t\n\t\t\t\t\n\n<h1 class=\"wp-block-heading\">The Tadano Group<\/h1>\n\n\n\n\t\t\t\t<ul class=\"breadcrumbs\"><li><a href=\"https:\/\/www.tadano.co.jp\/en\/\">Home<\/a><\/li><\/ul>\n\t\t\t<\/div>\n\n\t\t\t\n\t\t\t\n\t\t\t\n\t\t<\/div>\n\t<\/div>\n<\/section>\n\n\n<div style=\"height:54px\" aria-hidden=\"true\" class=\"wp-block-spacer\"><\/div>\n\n\n\n<div class=\"wp-block-columns is-layout-flex wp-container-core-columns-is-layout-1 wp-block-columns-is-layout-flex\">\n<div class=\"wp-block-column is-layout-flow wp-block-column-is-layout-flow\">\n<div class=\"wp-block-buttons is-layout-flex wp-block-buttons-is-layout-flex\">\n<div class=\"wp-block-button\"><a class=\"wp-block-button__link wp-element-button\" href=\"#europe\">Europe<\/a><\/div>\n\n\n\n<div class=\"wp-block-button\"><a class=\"wp-block-button__link wp-element-button\" href=\"#americas\">Americas<\/a><\/div>\n\n\n\n<div class=\"wp-block-button\"><a class=\"wp-block-button__link wp-element-button\" href=\"#asia\">Asia<\/a><\/div>\n\n\n\n<div class=\"wp-block-button\"><a class=\"wp-block-button__link wp-element-button\" href=\"#middleeast\">Middle East<\/a><\/div>\n\n\n\n<div class=\"wp-block-button\"><a class=\"wp-block-button__link wp-element-button\" href=\"#oceania\">Oceania<\/a><\/div>\n<\/div>\n<\/div>\n<\/div>\n\n\n\n<div style=\"height:54px\" aria-hidden=\"true\" class=\"wp-block-spacer\"><\/div>\n\n\n<div id=\"europe\"><\/div>\n\n\n\n<h1 class=\"wp-block-heading has-text-align-center\">Europe<\/h1>\n\n\n\n<h2 class=\"wp-block-heading\">Manufacturing \/ Sales<\/h2>\n\n\n<section class=\"table\">\n    <div class=\"container\">\n        <table border=\"1\"><thead><tr><th>Consolidated subsidiaries<\/th><th>TEL\t<\/th><th>WEB\n<\/th><\/tr><\/thead><tbody><tr><td><p><strong>Tadano Faun GmbH<\/strong><br>Faunberg 2, 91207, Lauf a.d. Pegnitz, Germany<\/p><\/td><td>+49-9123-185-0<\/td><td><p><a href=\"https:\/\/www.tadano.com\/dach\/de\/\"><strong>https:\/\/www.tadano.com\/dach\/de\/<\/strong><\/a><\/p><\/td><\/tr><tr><td><p><strong>Tadano Demag GmbH<\/strong><br>Dinglerstra\u00dfe 24, 66482 Zweibrucken, Germany<\/p><\/td><td>+49-9123-185-0<\/td><td><p><a href=\"https:\/\/www.tadano.com\/dach\/de\/\"><strong>https:\/\/www.tadano.com\/dach\/de\/<\/strong><\/a><\/p><\/td><\/tr><tr><td><p><strong>PM Oil &amp; Steel S.p.A.<\/strong><br>Via Giuseppe Verdi 22, 41018 San Cesario Sul Panaro, Modena, Italy<\/p><\/td><td>+39-059-936811\t<\/td><td><p><a href=\"https:\/\/www.pm-group.eu\/en\/\"><strong>https:\/\/www.pm-group.eu\/en\/<\/strong><strong><strong><strong><\/strong><\/strong><\/strong><\/a><\/p>\n<p><a href=\"https:\/\/www.oilsteel.com\/\"><strong>https:\/\/www.oilsteel.com\/<\/strong><strong><strong><strong><\/strong><\/strong><\/strong><\/a><\/p><\/td><\/tr><tr><td><p><strong>Manitex Valla S.r.l.<\/strong><br>Via Leonardo da Vinci 12, 29016 Cortemaggiore, Piacenza, Italy<\/p><\/td><td>+39-0523-256411\t<\/td><td><p><a href=\"https:\/\/www.valla.com\/en\/\"><strong>https:\/\/www.valla.com\/en\/<\/strong><strong><strong><strong><\/strong><\/strong><\/strong><\/a><\/p><\/td><\/tr><tr><td><p><strong>Autogru PM RO S.r.l.<\/strong><br>Zona Industrial\u0103 de Vest, Str. I nr. 9\/9A, Arad, Romania<\/p><\/td><td>+40-357-423-636\t<\/td><td><\/td><\/tr><\/tbody><\/table>    <\/div>\n<\/section>\n\n\n<div style=\"height:54px\" aria-hidden=\"true\" class=\"wp-block-spacer\"><\/div>\n\n\n\n<h2 class=\"wp-block-heading\">Sales \/ Other<\/h2>\n\n\n<section class=\"table\">\n    <div class=\"container\">\n        <table border=\"1\"><thead><tr><th>Consolidated subsidiaries<\/th><th>TEL\t<\/th><th>WEB\n<\/th><\/tr><\/thead><tbody><tr><td><p><strong>Tadano UK Ltd<\/strong><br>14 Hikers Way, Crendon Industrial Park Long Crendon, Bucks. HP18 9RW, United Kingdom<\/p><\/td><td>+44(0)8081-642301\t<br \/>\n<\/td><td><p><a href=\"https:\/\/www.tadano.com\/united-kingdom\/en\"><strong>https:\/\/www.tadano.com\/united-kingdom\/en<\/strong><\/a><\/p><\/td><\/tr><tr><td><p><strong>Tadano France SA<\/strong><br>Z.I. Torcy Avenue des Ferrancins 71210 Torcy, France<\/p><\/td><td>+33-358-348-128<\/td><td><p><a href=\"https:\/\/www.tadano.com\/france\/fr\/\"><strong>https:\/\/www.tadano.com\/france\/fr\/<\/strong><\/a><\/p><\/td><\/tr><tr><td><p><strong>Tadano Nederland B.V.<\/strong><br>Component 1, 1446 WZ Purmerend, The Netherlands<\/p><\/td><td>+31-299-39-00-55\t\n<\/td><td><p><a href=\"https:\/\/group.tadano.com\/benelux\/en\/\"><strong>https:\/\/www.tadano.com\/benelux\/en\/<\/strong><\/a><\/p><\/td><\/tr><tr><td><p><strong>Tadano Belgium BV<\/strong><br>Industrieterrein 2, nr. 13, 3290 DIEST (WEBBEKOM), Belgium<\/p><\/td><td>+32-1335-16-60<\/td><td><p><a href=\"https:\/\/wwww.tadano.com\/benelux\/en\/\"><strong>https:\/\/www.tadano.com\/benelux\/en\/<\/strong><\/a><\/p><\/td><\/tr><tr><td><p><strong>Tadano Demag Scandinavia AB<\/strong><br>\nDep\u00e5gatan 87254 64 Helsingborg, Sweden<\/p><\/td><td>+46-42-17-95-90<\/td><td><p><a href=\"https:\/\/www.tadano.com\/scandinavia\/en\"><strong>https:\/\/www.tadano.com\/scandinavia\/en<\/strong><\/a><\/p><\/td><\/tr><tr><td><p><strong>Tadano Demag Espa\u00f1a SA<\/strong><br>Calle Carpinteros 2 28500, Arganda del Rey (Madrid), Spain<\/p><\/td><td>+34-918720900\t\n<\/td><td><p><a href=\"https:\/\/www.tadano.com\/espana-y-portugal\/es\/\"><strong>https:\/\/www.tadano.com\/espana-y-portugal\/es\/<\/strong><\/a><\/p><\/td><\/tr><tr><td><p><strong>PM Oil &amp; Steel France S.a.r.l.<\/strong><br>151 Impasse de la Balme, 69800 Saint- Priest, France<\/p><\/td><td>+33-4-78-29-17-36\t<\/td><td><\/td><\/tr><tr><td><p><strong>PM Oil &amp; Steel Ib\u00e9rica S.L.<\/strong><br>Ctra Nacional III 339 46190 Riba-Roja del Turia, Valencia, Spain<\/p><\/td><td>+34-902-636-778\t<\/td><td><\/td><\/tr><\/tbody><\/table>    <\/div>\n<\/section>\n\n\n<div style=\"height:54px\" aria-hidden=\"true\" class=\"wp-block-spacer\"><\/div>\n\n\n<div id=\"americas\"><\/div>\n\n\n\n<h1 class=\"wp-block-heading has-text-align-center\">Americas<\/h1>\n\n\n\n<h2 class=\"wp-block-heading\">Manufacturing \/ Sales<\/h2>\n\n\n<section class=\"table\">\n    <div class=\"container\">\n        <table border=\"1\"><thead><tr><th>Consolidated subsidiaries<\/th><th>TEL<\/th><th>WEB<\/th><\/tr><\/thead><tbody><tr><td><p><strong>Tadano Mantis Corporation<\/strong><br>810 Crescent Center Dr. Suite 420, Franklin, Tennessee 37067, U.S.A.<\/p><\/td><td>+1-800-272-3325<\/td><td><p><a href=\"https:\/\/group.tadano.com\/uscan\/en\/\"><strong>https:\/\/www.tadano.com\/uscan\/en\/<\/strong><\/a><\/p><\/td><\/tr><tr><td><p><strong>Manitex, Inc.<\/strong><br>3000 S. Austin Avenue, Georgetown, Texas 78626, U.S.A.<\/p><\/td><td>+1-512-942-3000<\/td><td><p><strong><a href=\"https:\/\/www.manitex.com\/\" target=\"_blank\">https:\/\/www.manitex.com\/<\/a><\/strong><strong><strong><\/strong><\/strong><\/p><\/td><\/tr><\/tbody><\/table>    <\/div>\n<\/section>\n\n\n<h2 class=\"wp-block-heading\">Sales \/ Other<\/h2>\n\n\n<section class=\"table\">\n    <div class=\"container\">\n        <table border=\"1\"><thead><tr><th>Consolidated subsidiaries<\/th><th>TEL\t<\/th><th>WEB\n<\/th><\/tr><\/thead><tbody><tr><td><p><strong>Tadano America Corporation<\/strong><br>4242 West Greens Road, Houston, Texas 77066, U.S.A.<\/p><\/td><td>+1-281-869-0030<\/td><td><p><a href=\"https:\/\/www.tadano.com\/uscan\/en\/\"><strong>https:\/\/www.tadano.com\/uscan\/en\/<\/strong><\/a><\/p><\/td><\/tr><tr><td><p><strong>Tadano Brasil Equipamentos de Elevacao Ltda.<\/strong><br>Alameda Ministro Rocha Azevedo, 38 &#8211; conj. 301, Cerqueira C\u00e9sar, S\u00e3o Paulo, SP &#8211; 01410-000, Brasil<\/p><\/td><td>+55-11-4772-0222<\/td><td><p><a href=\"https:\/\/www.tadano.com\/brazil\/pt-br\/\"><strong>https:\/\/www.tadano.com\/brazil\/pt-br\/<\/strong><\/a><\/p><\/td><\/tr><tr><td><p><strong>PM Argentina Sistemas De Elevaci\u00f3n S.A.<\/strong><br>Predio Industrial La Papelera Intendente Neyer, 1133 Unid. 15 C.P. 1643 \u2013 B\u00e9ccar \u2013 Prov. de Buenos Aires,Argentina<\/p><\/td><td>+54-9-11-4732-9008<\/td><td><\/td><\/tr><tr><td><p><strong>PM Chile S.P.A.<\/strong><br>Alcalde Guzm\u00e1n no. 0121, Galp\u00f3n Pyme 3 Quilicura, Santiago, Chile<\/p><\/td><td>+56-2-2763-0300<\/td><td><\/td><\/tr><tr><td><p><strong>PM Oil &amp; Steel M\u00e9xico S.A. de C.V.<\/strong><br>Carretera Quer\u00e9taro \u2013 M\u00e9xico KM 201.5, Bodega #50 Eurobusiness Park El Marqu\u00e9s, Colonia Cumbres de Con\u00edn Tercera Secci\u00f3n, Mcpio. El Marqu\u00e9s, CP. 76246 Quer\u00e9taro, M\u00e9xico<\/p><\/td><td>+52-442-210-2753<\/td><td><\/td><\/tr><\/tbody><\/table>    <\/div>\n<\/section>\n\n\n<div style=\"height:54px\" aria-hidden=\"true\" class=\"wp-block-spacer\"><\/div>\n\n\n\n<div style=\"height:54px\" aria-hidden=\"true\" class=\"wp-block-spacer\"><\/div>\n\n\n<div id=\"asia\"><\/div>\n\n\n\n<h1 class=\"wp-block-heading has-text-align-center\">Asia<\/h1>\n\n\n\n<h2 class=\"wp-block-heading\">R\uff06D<\/h2>\n\n\n<section class=\"table\">\n    <div class=\"container\">\n        <table border=\"1\"><thead><tr><th>Consolidated subsidiaries<\/th><th>TEL<\/th><th>WEB<\/th><\/tr><\/thead><tbody><tr><td><p><strong>Tadano Technology Philippines Inc.<\/strong><br>Unit F 15th Floor Tower II, 6819 The RCBC Plaza Ayala Avenue,Bel-Air,<br>Makati City 1227, Philippines<\/p><\/td><td>\uff0b63\u2010(0)289\u2010858513\n<\/td><td><\/td><\/tr><\/tbody><\/table>    <\/div>\n<\/section>\n\n\n<h2 class=\"wp-block-heading\">Manufacturing \/ Sales<\/h2>\n\n\n<section class=\"table\">\n    <div class=\"container\">\n        <table border=\"1\"><thead><tr><th>Consolidated subsidiaries<\/th><th>TEL<\/th><th>WEB<\/th><\/tr><\/thead><tbody><tr><td><p><strong>Tadano Utilities Ltd.<\/strong><br>3297-2 Yawata, Chikuma, Nagano, 387-8561, Japan <\/p><\/td><td>+81-26-273-1331<\/td><td><p><a href=\"https:\/\/www.tadano-utilities.com\/en\/\"><strong>https:\/\/www.tadano-utilities.com\/en\/<\/strong><\/a><\/p><\/td><\/tr><tr><td><p><strong>Tadano Infrastructure Solutions Ltd.<\/strong><br>8-1 Akashi-cho, Chuo-ku, Tokyo, 104-0044, Japan <\/p><\/td><td>+81-3-5550-5367<\/td><td><p><a href=\"https:\/\/www.tadano-infra.com\/\"><strong>https:\/\/www.tadano-infra.com\/<\/strong><\/a><\/p><\/td><\/tr><\/tbody><\/table>    <\/div>\n<\/section>\n\n\n<h2 class=\"wp-block-heading\">Sales \/ Other<\/h2>\n\n\n<section class=\"table\">\n    <div class=\"container\">\n        <table border=\"1\"><thead><tr><th>Consolidated subsidiaries<\/th><th>TEL<\/th><th>WEB<\/th><\/tr><\/thead><tbody><tr><td><p><strong>Tadano\uff08Beijing\uff09Ltd.<\/strong><br>Room 1902, No.302 Huateng Mansion, Jinsong 3 District Chaoyang, Beijing, China<\/p><\/td><td>+86-10-8776-9766<\/td><td><p><a href=\"http:\/\/www.tadano.com.cn\/\"><strong>http:\/\/www.tadano.com.cn\/<\/strong><\/a><\/p><\/td><\/tr><tr><td><p><strong>Tadano Korea Co., Ltd.<\/strong><br>2F, B213, 52, Chungmin-ro, Songpa-gu, Seoul, 05839, Korea<\/p><\/td><td>+82-2-714-1600<\/td><td><p><a href=\"https:\/\/www.tadano.com\/south-korea\/ko\/\"><strong>https:\/\/www.tadano.com\/south-korea\/ko\/<\/strong><\/a><\/p><\/td><\/tr><tr><td><p><strong>Tadano Siam Co., Ltd.<\/strong><br>2013 New Petchburi Road, Bangkapi,Huay Kwang, Bangkok 10310 Thailand<\/p><\/td><td>+66-2-318-5192<\/td><td><p><a href=\"https:\/\/tadano.co.th\/en\/home\/\"><strong>https:\/\/tadano.co.th\/en\/home\/<\/strong><\/a><\/p><\/td><\/tr><tr><td><p><strong>Tadano Asia Pte. Ltd.<\/strong><br>11 Tuas View Crescent, Multico Building, Singapore 637643<\/p><\/td><td>+65-6863-6901<\/td><td><\/td><\/tr><tr><td><p><strong>Tadano Cranes India Pvt. Ltd.<\/strong><br>Unit No. 709, 7th Floor, Good Earth Business Bay-1, Sector \u2013 58, Gurugram, Haryana 122011 India<\/p><\/td><td>+91-1244228498<\/td><td><p><a href=\"https:\/\/www.tadano.com\/india\/en\/\"><strong>https:\/\/www.tadano.com\/india\/en\/<\/strong><\/a><\/p><\/td><\/tr><tr><td><p><strong>PM Oil &amp; Steel Asia PTE. LTD.<\/strong><br>at Beng Hock Mechanical Engineering Pte Ltd, 11 Sungei Kadut Street 4, 729041, Singapore<\/p><\/td><td><\/td><td><\/td><\/tr><tr><td><p><strong>Tadano Infrastructure Solutions Taiwan Ltd.<\/strong><br>2-3, Dongya S. Rd, Siaogang District, Kaohsiung City 812002, Taiwan<\/p><\/td><td>+886-7-821-5584<\/td><td><\/td><\/tr><tr><td><p><strong>Tadano Infrastructure Solutions Malaysia Sdn.Bhd<\/strong><br>19th floor UBN Tower10, Jalan P.Ramlee, 50250 Kuala Lumpur, Malaysia<\/p><\/td><td>+60-3-2072-8899<\/td><td><\/td><\/tr><tr><td><p><strong>PT. Tadano Infrastructure Solutions Indonesia<\/strong><br>14th Floor\uff0cWisma Keiai Building, Jl. Jend. Sudirman Kav.3\uff0cJakarta 10220\uff0cIndonesia<\/p><\/td><td>+62-21-572-4290<\/td><td><\/td><\/tr><\/tbody><\/table>    <\/div>\n<\/section>\n\n\n<div style=\"height:54px\" aria-hidden=\"true\" class=\"wp-block-spacer\"><\/div>\n\n\n\n<h2 class=\"wp-block-heading\">Used Equipment<\/h2>\n\n\n<section class=\"table\">\n    <div class=\"container\">\n        <table border=\"1\"><thead><tr><th>Consolidated subsidiaries<\/th><th>TEL<\/th><th>WEB<\/th><\/tr><\/thead><tbody><tr><td><p><strong>Tadano IMES Ltd.<\/strong><br>Riverside Sumida Central Tower 9F, 1-1-19 Tsutsumidori, Sumida-ku, Tokyo 131-0034, Japan<\/p><\/td><td>+81-3-6657-2358<\/td><td><p><a href=\"http:\/\/www.tadano-imes.com\/en\/\"><strong>http:\/\/www.tadano-imes.com\/en\/<\/strong><\/a><\/p><\/td><\/tr><\/tbody><\/table>    <\/div>\n<\/section>\n\n\n<div style=\"height:54px\" aria-hidden=\"true\" class=\"wp-block-spacer\"><\/div>\n\n\n<div id=\"middleeast\"><\/div>\n\n\n\n<h1 class=\"wp-block-heading has-text-align-center\">Middle east<\/h1>\n\n\n\n<h2 class=\"wp-block-heading\">Sales \/ Other<\/h2>\n\n\n<section class=\"table\">\n    <div class=\"container\">\n        <table border=\"1\"><thead><tr><th>Consolidated subsidiaries<\/th><th>TEL<\/th><th>WEB<\/th><\/tr><\/thead><tbody><tr><td><p><strong>Tadano Middle East Trading One Person Company L.L.C<\/strong><br>Business Central Towers, Tower B, Office No. 1904, Dubai Media City<br>P.O. Box 392674, Dubai, United Arab Emirates<\/p><\/td><td>+971 4 574 9700<\/td><td><p><a href=\"https:\/\/www.tadano.com\/middle-east\/en\"><strong>https:\/\/www.tadano.com\/middle-east\/en<\/strong><\/a><\/p><\/td><\/tr><tr><td><p><strong>Tadano Middle East Lifting Equipment FZCO<\/strong><br> Office # 318, Building # 9W, Dubai Airport Free Zone,Dubai &#8211; United Arab Emirates<\/p><\/td><td><\/td><td><\/td><\/tr><\/tbody><\/table>    <\/div>\n<\/section>\n\n\n<div style=\"height:54px\" aria-hidden=\"true\" class=\"wp-block-spacer\"><\/div>\n\n\n<div id=\"oceania\"><\/div>\n\n\n\n<h1 class=\"wp-block-heading has-text-align-center\">Oceania<\/h1>\n\n\n\n<h2 class=\"wp-block-heading\">Sales \/ Other<\/h2>\n\n\n<section class=\"table\">\n    <div class=\"container\">\n        <table border=\"1\"><thead><tr><th>Consolidated subsidiaries<\/th><th>TEL<\/th><th>WEB<\/th><\/tr><\/thead><tbody><tr><td><p><strong>Tadano Oceania Pty Ltd<\/strong><br>1\/146 Lindum Road, Lytton, QLD 4178, Australia<\/p><\/td><td>+61-7-3026-2400<\/td><td><p><a href=\"https:\/\/www.tadano.com\/oceania\/en\"><strong>https:\/\/www.tadano.com\/oceania\/en<\/strong><\/a><\/p><\/td><\/tr><\/tbody><\/table>    <\/div>\n<\/section>\n\n\n<div style=\"height:54px\" aria-hidden=\"true\" class=\"wp-block-spacer\"><\/div>\n","protected":false},"excerpt":{"rendered":"<p>Europe Manufacturing \/ Sales Sales \/ Other Americas Manufacturing \/ Sales Sales \/ Other Asia R\uff06D Manufacturing \/ Sales Sales \/ Other Used Equipment Middle east Sales \/ Other Oceania Sales \/ Other<\/p>\n","protected":false},"author":1,"featured_media":0,"parent":14554,"menu_order":0,"comment_status":"closed","ping_status":"closed","template":"","meta":{"_acf_changed":false,"footnotes":""},"class_list":["post-18394","page","type-page","status-publish","hentry"],"acf":[],"yoast_head":"<!-- This site is optimized with the Yoast SEO plugin v22.3 - https:\/\/yoast.com\/wordpress\/plugins\/seo\/ -->\n<title>The Tadano Group - Tadano Corporate Website<\/title>\n<meta name=\"robots\" content=\"index, follow, max-snippet:-1, max-image-preview:large, max-video-preview:-1\" \/>\n<link rel=\"canonical\" href=\"https:\/\/www.tadano.co.jp\/en\/about\/group\/\" \/>\n<meta property=\"og:locale\" content=\"en_US\" \/>\n<meta property=\"og:type\" content=\"article\" \/>\n<meta property=\"og:title\" content=\"The Tadano Group - Tadano Corporate Website\" \/>\n<meta property=\"og:description\" content=\"Europe Manufacturing \/ Sales Sales \/ Other Americas Manufacturing \/ Sales Sales \/ Other Asia R\uff06D Manufacturing \/ Sales Sales \/ Other Used Equipment Middle east Sales \/ Other Oceania Sales \/ Other\" \/>\n<meta property=\"og:url\" content=\"https:\/\/www.tadano.co.jp\/en\/about\/group\/\" \/>\n<meta property=\"og:site_name\" content=\"Tadano Corporate Website\" \/>\n<meta property=\"article:modified_time\" content=\"2026-04-01T01:31:30+00:00\" \/>\n<meta name=\"twitter:card\" content=\"summary_large_image\" \/>\n<meta name=\"twitter:label1\" content=\"Est. reading time\" \/>\n\t<meta name=\"twitter:data1\" content=\"1 minute\" \/>\n<script type=\"application\/ld+json\" class=\"yoast-schema-graph\">{\"@context\":\"https:\/\/schema.org\",\"@graph\":[{\"@type\":\"WebPage\",\"@id\":\"https:\/\/www.tadano.co.jp\/en\/about\/group\/\",\"url\":\"https:\/\/www.tadano.co.jp\/en\/about\/group\/\",\"name\":\"The Tadano Group - Tadano Corporate Website\",\"isPartOf\":{\"@id\":\"https:\/\/www.tadano.co.jp\/ja\/#website\"},\"datePublished\":\"2025-01-21T13:23:35+00:00\",\"dateModified\":\"2026-04-01T01:31:30+00:00\",\"breadcrumb\":{\"@id\":\"https:\/\/www.tadano.co.jp\/en\/about\/group\/#breadcrumb\"},\"inLanguage\":\"en-US\",\"potentialAction\":[{\"@type\":\"ReadAction\",\"target\":[\"https:\/\/www.tadano.co.jp\/en\/about\/group\/\"]}]},{\"@type\":\"BreadcrumbList\",\"@id\":\"https:\/\/www.tadano.co.jp\/en\/about\/group\/#breadcrumb\",\"itemListElement\":[{\"@type\":\"ListItem\",\"position\":1,\"name\":\"Home\",\"item\":\"https:\/\/www.tadano.co.jp\/en\/\"},{\"@type\":\"ListItem\",\"position\":2,\"name\":\"About\",\"item\":\"https:\/\/www.tadano.co.jp\/en\/about\/\"},{\"@type\":\"ListItem\",\"position\":3,\"name\":\"The Tadano Group\"}]},{\"@type\":\"WebSite\",\"@id\":\"https:\/\/www.tadano.co.jp\/ja\/#website\",\"url\":\"https:\/\/www.tadano.co.jp\/ja\/\",\"name\":\"Tadano Corporate Website\",\"description\":\"Corporate information\",\"potentialAction\":[{\"@type\":\"SearchAction\",\"target\":{\"@type\":\"EntryPoint\",\"urlTemplate\":\"https:\/\/www.tadano.co.jp\/ja\/?s={search_term_string}\"},\"query-input\":\"required name=search_term_string\"}],\"inLanguage\":\"en-US\"}]}<\/script>\n<!-- \/ Yoast SEO plugin. -->","yoast_head_json":{"title":"The Tadano Group - Tadano Corporate Website","robots":{"index":"index","follow":"follow","max-snippet":"max-snippet:-1","max-image-preview":"max-image-preview:large","max-video-preview":"max-video-preview:-1"},"canonical":"https:\/\/www.tadano.co.jp\/en\/about\/group\/","og_locale":"en_US","og_type":"article","og_title":"The Tadano Group - Tadano Corporate Website","og_description":"Europe Manufacturing \/ Sales Sales \/ Other Americas Manufacturing \/ Sales Sales \/ Other Asia R\uff06D Manufacturing \/ Sales Sales \/ Other Used Equipment Middle east Sales \/ Other Oceania Sales \/ Other","og_url":"https:\/\/www.tadano.co.jp\/en\/about\/group\/","og_site_name":"Tadano Corporate Website","article_modified_time":"2026-04-01T01:31:30+00:00","twitter_card":"summary_large_image","twitter_misc":{"Est. reading time":"1 minute"},"schema":{"@context":"https:\/\/schema.org","@graph":[{"@type":"WebPage","@id":"https:\/\/www.tadano.co.jp\/en\/about\/group\/","url":"https:\/\/www.tadano.co.jp\/en\/about\/group\/","name":"The Tadano Group - Tadano Corporate Website","isPartOf":{"@id":"https:\/\/www.tadano.co.jp\/ja\/#website"},"datePublished":"2025-01-21T13:23:35+00:00","dateModified":"2026-04-01T01:31:30+00:00","breadcrumb":{"@id":"https:\/\/www.tadano.co.jp\/en\/about\/group\/#breadcrumb"},"inLanguage":"en-US","potentialAction":[{"@type":"ReadAction","target":["https:\/\/www.tadano.co.jp\/en\/about\/group\/"]}]},{"@type":"BreadcrumbList","@id":"https:\/\/www.tadano.co.jp\/en\/about\/group\/#breadcrumb","itemListElement":[{"@type":"ListItem","position":1,"name":"Home","item":"https:\/\/www.tadano.co.jp\/en\/"},{"@type":"ListItem","position":2,"name":"About","item":"https:\/\/www.tadano.co.jp\/en\/about\/"},{"@type":"ListItem","position":3,"name":"The Tadano Group"}]},{"@type":"WebSite","@id":"https:\/\/www.tadano.co.jp\/ja\/#website","url":"https:\/\/www.tadano.co.jp\/ja\/","name":"Tadano Corporate Website","description":"Corporate information","potentialAction":[{"@type":"SearchAction","target":{"@type":"EntryPoint","urlTemplate":"https:\/\/www.tadano.co.jp\/ja\/?s={search_term_string}"},"query-input":"required name=search_term_string"}],"inLanguage":"en-US"}]}},"_links":{"self":[{"href":"https:\/\/www.tadano.co.jp\/en\/wp-json\/wp\/v2\/pages\/18394","targetHints":{"allow":["GET"]}}],"collection":[{"href":"https:\/\/www.tadano.co.jp\/en\/wp-json\/wp\/v2\/pages"}],"about":[{"href":"https:\/\/www.tadano.co.jp\/en\/wp-json\/wp\/v2\/types\/page"}],"author":[{"embeddable":true,"href":"https:\/\/www.tadano.co.jp\/en\/wp-json\/wp\/v2\/users\/1"}],"replies":[{"embeddable":true,"href":"https:\/\/www.tadano.co.jp\/en\/wp-json\/wp\/v2\/comments?post=18394"}],"version-history":[{"count":5,"href":"https:\/\/www.tadano.co.jp\/en\/wp-json\/wp\/v2\/pages\/18394\/revisions"}],"predecessor-version":[{"id":22360,"href":"https:\/\/www.tadano.co.jp\/en\/wp-json\/wp\/v2\/pages\/18394\/revisions\/22360"}],"up":[{"embeddable":true,"href":"https:\/\/www.tadano.co.jp\/en\/wp-json\/wp\/v2\/pages\/14554"}],"wp:attachment":[{"href":"https:\/\/www.tadano.co.jp\/en\/wp-json\/wp\/v2\/media?parent=18394"}],"curies":[{"name":"wp","href":"https:\/\/api.w.org\/{rel}","templated":true}]}}